{"id":807,"date":"2025-08-22T02:12:02","date_gmt":"2025-08-22T00:12:02","guid":{"rendered":"https:\/\/kanovik.com\/legal-notice\/"},"modified":"2025-11-07T22:09:56","modified_gmt":"2025-11-07T21:09:56","slug":"legal-notice","status":"publish","type":"page","link":"https:\/\/kanovik.com\/en\/legal-notice\/","title":{"rendered":"Legal notice"},"content":{"rendered":"\t\t<div data-elementor-type=\"wp-page\" data-elementor-id=\"807\" class=\"elementor elementor-807 elementor-395\" data-elementor-post-type=\"page\">\n\t\t\t\t<div data-particle_enable=\"false\" data-particle-mobile-disabled=\"false\" class=\"elementor-element elementor-element-16d7bb7 e-flex e-con-boxed e-con e-parent\" data-id=\"16d7bb7\" data-element_type=\"container\" data-e-type=\"container\">\n\t\t\t\t\t<div class=\"e-con-inner\">\n\t\t\t\t<div class=\"elementor-element elementor-element-67a8d69 elementor-widget elementor-widget-heading\" data-id=\"67a8d69\" data-element_type=\"widget\" data-e-type=\"widget\" data-widget_type=\"heading.default\">\n\t\t\t\t<div class=\"elementor-widget-container\">\n\t\t\t\t\t<h2 class=\"elementor-heading-title elementor-size-default\">Aviso legal<\/h2>\t\t\t\t<\/div>\n\t\t\t\t<\/div>\n\t\t\t\t<div class=\"elementor-element elementor-element-04e58b4 elementor-widget elementor-widget-text-editor\" data-id=\"04e58b4\" data-element_type=\"widget\" data-e-type=\"widget\" data-widget_type=\"text-editor.default\">\n\t\t\t\t<div class=\"elementor-widget-container\">\n\t\t\t\t\t\t\t\t\t<p>En cumplimiento con el deber de informaci\u00f3n establecido en el art\u00edculo 10 de la Ley 34\/2002, de 11 de julio, de Servicios de la Sociedad de la Informaci\u00f3n y Comercio Electr\u00f3nico (LSSI-CE), se informa de los siguientes datos:<\/p><ul><li><strong>Titular:<\/strong> Adri\u00e1n Dur\u00e1n Guti\u00e9rrez<\/li><li><strong>NIF:<\/strong> X8966003M<\/li><li><strong>Domicilio:<\/strong> Calle Ginzo de Limia, 4 \u2013 28029 Madrid, Espa\u00f1a<\/li><li><strong>Correo electr\u00f3nico:<\/strong> <a href=\"mailto:info@kanovik.com\">info@kanovik.com<\/a><\/li><li><strong>Tel\u00e9fono:<\/strong> (+34) 614 260 505<\/li><\/ul><h3>Objeto<\/h3><p>El sitio web <strong>kanovik.com<\/strong> tiene como finalidad ofrecer servicios de consultor\u00eda en SEO avanzado, SEO internacional, SEO local, consultor\u00eda de inteligencia artificial aplicada al marketing y publicidad digital.<\/p><h3>Condiciones de uso<\/h3><p>El acceso y\/o uso del sitio web atribuye la condici\u00f3n de Usuario, que acepta, desde dicho acceso y\/o uso, las presentes condiciones de uso.<\/p><h3>Propiedad intelectual e industrial<\/h3><p>Todos los contenidos del sitio web (textos, im\u00e1genes, logotipos, software, etc.) son propiedad de Adri\u00e1n Dur\u00e1n Guti\u00e9rrez o de terceros que han autorizado su uso. Queda prohibida su reproducci\u00f3n, distribuci\u00f3n o transformaci\u00f3n sin autorizaci\u00f3n expresa del titular.<\/p><h3>Enlaces externos<\/h3><p>El sitio web puede contener enlaces a contenidos de terceros. El titular no se hace responsable de los contenidos, informaciones o servicios que pudieran aparecer en dichos sitios.<\/p><h3>Limitaci\u00f3n de responsabilidad<\/h3><p>El titular no se responsabiliza del mal uso que los usuarios puedan hacer del sitio web ni de los da\u00f1os derivados de fallos o interrupciones en su funcionamiento.<\/p><h3>Legislaci\u00f3n aplicable y jurisdicci\u00f3n<\/h3><p>Las relaciones entre <strong>Kanovik<\/strong> y los usuarios se rigen por la normativa vigente en Espa\u00f1a. Para cualquier litigio derivado del acceso o uso de este sitio web, las partes se someten expresamente a los juzgados y tribunales de Madrid, salvo que la normativa aplicable disponga otro fuero.<\/p>\t\t\t\t\t\t\t\t<\/div>\n\t\t\t\t<\/div>\n\t\t\t\t\t<\/div>\n\t\t\t\t<\/div>\n\t\t\t\t<\/div>\n\t\t","protected":false},"excerpt":{"rendered":"<p>Aviso legal En cumplimiento con el deber de informaci\u00f3n establecido en el art\u00edculo 10 de la Ley 34\/2002, de 11 de julio, de Servicios de la Sociedad de la Informaci\u00f3n y Comercio Electr\u00f3nico (LSSI-CE), se informa de los siguientes datos: Titular: Adri\u00e1n Dur\u00e1n Guti\u00e9rrez NIF: X8966003M Domicilio: Calle Ginzo de Limia, 4 \u2013 28029 Madrid, [&hellip;]<\/p>\n","protected":false},"author":1,"featured_media":0,"parent":0,"menu_order":0,"comment_status":"closed","ping_status":"closed","template":"elementor_header_footer","meta":{"footnotes":""},"class_list":["post-807","page","type-page","status-publish","hentry"],"_links":{"self":[{"href":"https:\/\/kanovik.com\/en\/wp-json\/wp\/v2\/pages\/807","targetHints":{"allow":["GET"]}}],"collection":[{"href":"https:\/\/kanovik.com\/en\/wp-json\/wp\/v2\/pages"}],"about":[{"href":"https:\/\/kanovik.com\/en\/wp-json\/wp\/v2\/types\/page"}],"author":[{"embeddable":true,"href":"https:\/\/kanovik.com\/en\/wp-json\/wp\/v2\/users\/1"}],"replies":[{"embeddable":true,"href":"https:\/\/kanovik.com\/en\/wp-json\/wp\/v2\/comments?post=807"}],"version-history":[{"count":1,"href":"https:\/\/kanovik.com\/en\/wp-json\/wp\/v2\/pages\/807\/revisions"}],"predecessor-version":[{"id":808,"href":"https:\/\/kanovik.com\/en\/wp-json\/wp\/v2\/pages\/807\/revisions\/808"}],"wp:attachment":[{"href":"https:\/\/kanovik.com\/en\/wp-json\/wp\/v2\/media?parent=807"}],"curies":[{"name":"wp","href":"https:\/\/api.w.org\/{rel}","templated":true}]}}