{"id":818,"date":"2025-08-22T02:12:54","date_gmt":"2025-08-22T00:12:54","guid":{"rendered":"https:\/\/kanovik.com\/cookies\/"},"modified":"2025-11-07T22:10:12","modified_gmt":"2025-11-07T21:10:12","slug":"cookies","status":"publish","type":"page","link":"https:\/\/kanovik.com\/en\/cookies\/","title":{"rendered":"Cookies"},"content":{"rendered":"\t\t<div data-elementor-type=\"wp-page\" data-elementor-id=\"818\" class=\"elementor elementor-818 elementor-394\" data-elementor-post-type=\"page\">\n\t\t\t\t<div data-particle_enable=\"false\" data-particle-mobile-disabled=\"false\" class=\"elementor-element elementor-element-bacd076 e-flex e-con-boxed e-con e-parent\" data-id=\"bacd076\" data-element_type=\"container\" data-e-type=\"container\">\n\t\t\t\t\t<div class=\"e-con-inner\">\n\t\t\t\t<div class=\"elementor-element elementor-element-464afe5 elementor-widget elementor-widget-heading\" data-id=\"464afe5\" data-element_type=\"widget\" data-e-type=\"widget\" data-widget_type=\"heading.default\">\n\t\t\t\t<div class=\"elementor-widget-container\">\n\t\t\t\t\t<h2 class=\"elementor-heading-title elementor-size-default\">Pol\u00edtica de cookies<\/h2>\t\t\t\t<\/div>\n\t\t\t\t<\/div>\n\t\t\t\t<div class=\"elementor-element elementor-element-02b113f elementor-widget elementor-widget-text-editor\" data-id=\"02b113f\" data-element_type=\"widget\" data-e-type=\"widget\" data-widget_type=\"text-editor.default\">\n\t\t\t\t<div class=\"elementor-widget-container\">\n\t\t\t\t\t\t\t\t\t<p>En cumplimiento con el art\u00edculo 22.2 de la Ley 34\/2002 de Servicios de la Sociedad de la Informaci\u00f3n y de Comercio Electr\u00f3nico (LSSI-CE), y en l\u00ednea con la Gu\u00eda de Cookies de la Agencia Espa\u00f1ola de Protecci\u00f3n de Datos (AEPD), te informamos sobre el uso de cookies en este sitio web.<\/p>\n\n<h3>1. \u00bfQu\u00e9 son las cookies?<\/h3>\n<p>Las cookies son peque\u00f1os archivos de texto que se almacenan en tu navegador cuando visitas un sitio web. Sirven para recordar tus preferencias y mejorar la experiencia de navegaci\u00f3n. Tambi\u00e9n utilizamos tecnolog\u00edas similares como p\u00edxeles o almacenamiento local.<\/p>\n\n<h3>2. Tipos de cookies que usamos<\/h3>\n<ul>\n  <li><strong>Cookies t\u00e9cnicas o necesarias:<\/strong> imprescindibles para el funcionamiento de la web y no requieren consentimiento (ej.: gesti\u00f3n del consentimiento, seguridad, navegaci\u00f3n b\u00e1sica).<\/li>\n  <li><strong>Cookies de preferencias o personalizaci\u00f3n:<\/strong> permiten recordar opciones como idioma o regi\u00f3n.<\/li>\n  <li><strong>Cookies anal\u00edticas:<\/strong> nos ayudan a comprender c\u00f3mo los usuarios interact\u00faan con la web (ej.: Google Analytics 4, Bing Clarity).<\/li>\n  <li><strong>Cookies de marketing\/publicidad:<\/strong> rastrean el comportamiento de los usuarios para mostrar anuncios personalizados (ej.: Pixel de Facebook, YouTube embebido).<\/li>\n<\/ul>\n\n<h3>3. Cookies utilizadas en Kanovik.com<\/h3>\n<p><em>Ejemplo de listado (debes actualizarlo con tu plugin CMP, ya que puede variar con el tiempo):<\/em><\/p>\n\n<table>\n  <thead>\n    <tr>\n      <th>Cookie<\/th>\n      <th>Proveedor<\/th>\n      <th>Finalidad<\/th>\n      <th>Duraci\u00f3n<\/th>\n      <th>Tipo<\/th>\n    <\/tr>\n  <\/thead>\n  <tbody>\n    <tr><td>_ga<\/td><td>Google Analytics 4<\/td><td>An\u00e1lisis de la navegaci\u00f3n<\/td><td>2 a\u00f1os<\/td><td>Anal\u00edtica<\/td><\/tr>\n    <tr><td>_gat<\/td><td>Google Analytics 4<\/td><td>Limitar solicitudes<\/td><td>1 minuto<\/td><td>Anal\u00edtica<\/td><\/tr>\n    <tr><td>_gid<\/td><td>Google Analytics 4<\/td><td>Diferenciar usuarios<\/td><td>24 horas<\/td><td>Anal\u00edtica<\/td><\/tr>\n    <tr><td>_fbp<\/td><td>Meta (Facebook Pixel)<\/td><td>Medici\u00f3n y optimizaci\u00f3n de campa\u00f1as publicitarias<\/td><td>3 meses<\/td><td>Marketing<\/td><\/tr>\n    <tr><td>CLID, ANONCHK, SM, MUID<\/td><td>Microsoft Clarity<\/td><td>Anal\u00edtica de uso y mapas de calor<\/td><td>Variable<\/td><td>Anal\u00edtica<\/td><\/tr>\n    <tr><td>YSC<\/td><td>YouTube<\/td><td>Medir interacciones con v\u00eddeos embebidos<\/td><td>Sesi\u00f3n<\/td><td>Marketing<\/td><\/tr>\n    <tr><td>VISITOR_INFO1_LIVE<\/td><td>YouTube<\/td><td>Detectar ancho de banda y personalizar v\u00eddeos<\/td><td>6 meses<\/td><td>Marketing<\/td><\/tr>\n  <\/tbody>\n<\/table>\n\n<h3>4. Base jur\u00eddica y consentimiento<\/h3>\n<p>Las cookies t\u00e9cnicas son necesarias y no requieren tu consentimiento. Para las cookies anal\u00edticas y de marketing, pediremos tu consentimiento expreso a trav\u00e9s del banner al entrar en la web.<\/p>\n<p>Podr\u00e1s aceptar, rechazar o configurar las cookies en cualquier momento mediante el enlace permanente <strong>\u201cConfigurar cookies\u201d<\/strong> disponible en el pie de p\u00e1gina.<\/p>\n\n<h3>5. Gesti\u00f3n de cookies en tu navegador<\/h3>\n<p>Puedes eliminar o bloquear las cookies en cualquier momento a trav\u00e9s de la configuraci\u00f3n de tu navegador:<\/p>\n<ul>\n  <li><a href=\"https:\/\/support.google.com\/chrome\/answer\/95647?hl=es\" target=\"_blank\" rel=\"noopener\">Google Chrome<\/a><\/li>\n  <li><a href=\"https:\/\/support.mozilla.org\/es\/kb\/habilitar-y-deshabilitar-cookies-sitios-web-rastrear-preferencias\" target=\"_blank\" rel=\"noopener\">Mozilla Firefox<\/a><\/li>\n  <li><a href=\"https:\/\/support.apple.com\/es-es\/guide\/safari\/sfri11471\/mac\" target=\"_blank\" rel=\"noopener\">Safari<\/a><\/li>\n  <li><a href=\"https:\/\/support.microsoft.com\/es-es\/help\/4027947\/microsoft-edge-delete-cookies\" target=\"_blank\" rel=\"noopener\">Microsoft Edge<\/a><\/li>\n<\/ul>\n\n<h3>6. Transferencias internacionales<\/h3>\n<p>Algunos proveedores como Google, Microsoft o Meta pueden transferir datos a EE.UU. con las garant\u00edas adecuadas (Cl\u00e1usulas Contractuales Tipo de la UE).<\/p>\n\n<h3>7. Actualizaci\u00f3n de la pol\u00edtica<\/h3>\n<p>Podremos actualizar esta pol\u00edtica para adaptarla a cambios normativos o en los servicios ofrecidos. La fecha de la \u00faltima actualizaci\u00f3n aparecer\u00e1 en esta p\u00e1gina.<\/p>\n\t\t\t\t\t\t\t\t<\/div>\n\t\t\t\t<\/div>\n\t\t\t\t\t<\/div>\n\t\t\t\t<\/div>\n\t\t\t\t<\/div>\n\t\t","protected":false},"excerpt":{"rendered":"<p>Pol\u00edtica de cookies En cumplimiento con el art\u00edculo 22.2 de la Ley 34\/2002 de Servicios de la Sociedad de la Informaci\u00f3n y de Comercio Electr\u00f3nico (LSSI-CE), y en l\u00ednea con la Gu\u00eda de Cookies de la Agencia Espa\u00f1ola de Protecci\u00f3n de Datos (AEPD), te informamos sobre el uso de cookies en este sitio web. 1. [&hellip;]<\/p>\n","protected":false},"author":1,"featured_media":0,"parent":0,"menu_order":0,"comment_status":"closed","ping_status":"closed","template":"elementor_header_footer","meta":{"footnotes":""},"class_list":["post-818","page","type-page","status-publish","hentry"],"_links":{"self":[{"href":"https:\/\/kanovik.com\/en\/wp-json\/wp\/v2\/pages\/818","targetHints":{"allow":["GET"]}}],"collection":[{"href":"https:\/\/kanovik.com\/en\/wp-json\/wp\/v2\/pages"}],"about":[{"href":"https:\/\/kanovik.com\/en\/wp-json\/wp\/v2\/types\/page"}],"author":[{"embeddable":true,"href":"https:\/\/kanovik.com\/en\/wp-json\/wp\/v2\/users\/1"}],"replies":[{"embeddable":true,"href":"https:\/\/kanovik.com\/en\/wp-json\/wp\/v2\/comments?post=818"}],"version-history":[{"count":1,"href":"https:\/\/kanovik.com\/en\/wp-json\/wp\/v2\/pages\/818\/revisions"}],"predecessor-version":[{"id":819,"href":"https:\/\/kanovik.com\/en\/wp-json\/wp\/v2\/pages\/818\/revisions\/819"}],"wp:attachment":[{"href":"https:\/\/kanovik.com\/en\/wp-json\/wp\/v2\/media?parent=818"}],"curies":[{"name":"wp","href":"https:\/\/api.w.org\/{rel}","templated":true}]}}